{"id":2932,"date":"2024-12-11T15:03:55","date_gmt":"2024-12-11T14:03:55","guid":{"rendered":"https:\/\/www.bioskoplkc.rs\/?page_id=2932"},"modified":"2024-12-11T20:44:35","modified_gmt":"2024-12-11T19:44:35","slug":"festival-evropskog-filma-u-leskovcu","status":"publish","type":"page","link":"https:\/\/www.bioskoplkc.rs\/en\/festival-evropskog-filma-u-leskovcu\/","title":{"rendered":"Festival evropskog filma u Leskovcu"},"content":{"rendered":"<p class=\"has-large-font-size\"><strong>Festival evropskog filma u Leskovcu<\/strong><\/p>\n\n\n\n<p class=\"has-medium-font-size\">Evropska ku\u0107a Ni\u0161 i Leskova\u010dki kulturni centar vas pozivaju na Festival evropskog filma 2024. koji \u0107e se od 11. do 15. decembra odr\u017eati u Leskova\u010dkom kulturnom centru (Sala DKC). Ljubitelji filma u Leskovcu bi\u0107e u prilici da pogledaju izbor kinematografskih dela koja su nastala u koprodukciji evropskih zemalja kao i filmova koji su nastali uz podr\u0161ku Programa AKP-EU Kultura&nbsp; (Program Afrika Karibi Pacifik \u2013 Evropska unija Kultura) tokom poslednjih 25 godina.<\/p>\n\n\n\n<p class=\"has-medium-font-size\">Festival evropskog filma u Leskovcu organizuju Evropska ku\u0107a Ni\u0161 i Leskova\u010dki kulturni centar u saradnji sa portalom Cineuropa.<\/p>\n\n\n\n<p class=\"has-medium-font-size\">Ulaz je besplatan.<\/p>\n\n\n\n<p class=\"has-white-color has-text-color has-link-color wp-elements-7e4ac651328708ea719ac0894fa30934\">.<\/p>\n\n\n\n<figure class=\"wp-block-image size-large\"><a href=\"https:\/\/www.instagram.com\/leskovackikulturnicentar2\/reel\/DDWyaKGqqW7\/\" target=\"_blank\" rel=\" noreferrer noopener\"><img loading=\"lazy\" decoding=\"async\" width=\"1024\" height=\"1024\" src=\"https:\/\/www.bioskoplkc.rs\/wp-content\/uploads\/2024\/12\/Grupni-1024x1024.jpg\" alt=\"\" class=\"wp-image-2939\" srcset=\"https:\/\/www.bioskoplkc.rs\/wp-content\/uploads\/2024\/12\/Grupni-1024x1024.jpg 1024w, https:\/\/www.bioskoplkc.rs\/wp-content\/uploads\/2024\/12\/Grupni-300x300.jpg 300w, https:\/\/www.bioskoplkc.rs\/wp-content\/uploads\/2024\/12\/Grupni-150x150.jpg 150w, https:\/\/www.bioskoplkc.rs\/wp-content\/uploads\/2024\/12\/Grupni-768x768.jpg 768w, https:\/\/www.bioskoplkc.rs\/wp-content\/uploads\/2024\/12\/Grupni-12x12.jpg 12w, https:\/\/www.bioskoplkc.rs\/wp-content\/uploads\/2024\/12\/Grupni.jpg 1080w\" sizes=\"auto, (max-width: 1024px) 100vw, 1024px\" \/><\/a><\/figure>\n\n\n\n<p class=\"has-white-color has-text-color has-link-color wp-elements-7e4ac651328708ea719ac0894fa30934\">.<\/p>\n\n\n\n<p class=\"has-medium-font-size\">Program:<\/p>\n\n\n\n<p class=\"has-medium-font-size\"><strong><u>Sreda, 11.12.2024. od 19 sati<\/u><\/strong><strong><\/strong><\/p>\n\n\n\n<p class=\"has-medium-font-size\"><strong>Jo\u0161 samo malo<\/strong>, r. Hani Ramezan, Finska, 2020, 82 min<\/p>\n\n\n\n<p class=\"has-medium-font-size\">Sinopsis: Ramin Mehdipour (13) i njegova iranska porodica ve\u0107 neko vreme \u017eive u izbegli\u010dkom centru u Finskoj. Dok de\u010dak u\u017eiva u \u0161kolskom raspustu, porodica dobija negativnu odluku o svojoj aplikaciji za azil. Nakon podno\u0161enja poslednje mogu\u0107e \u017ealbe, Mehdipourovi poku\u0161avaju da nastave sa svojim svakodnevnim \u017eivotom i zadr\u017ee pozitivan stav uprkos nadolaze\u0107oj opasnosti od deportacije. Ramin zapo\u010dinje novu \u0161kolsku godinu u kojoj \u0107e svaki trenutak biti dragoceniji nego ikad.<\/p>\n\n\n\n<p class=\"has-white-color has-text-color has-link-color wp-elements-7e4ac651328708ea719ac0894fa30934\">.<\/p>\n\n\n\n<figure class=\"wp-block-image size-large\"><a href=\"https:\/\/www.youtube.com\/watch?v=kB2U9jDF6wk\" target=\"_blank\" rel=\" noreferrer noopener\"><img loading=\"lazy\" decoding=\"async\" width=\"1024\" height=\"1024\" src=\"https:\/\/www.bioskoplkc.rs\/wp-content\/uploads\/2024\/12\/11-12-24-1024x1024.jpg\" alt=\"\" class=\"wp-image-2934\" srcset=\"https:\/\/www.bioskoplkc.rs\/wp-content\/uploads\/2024\/12\/11-12-24-1024x1024.jpg 1024w, https:\/\/www.bioskoplkc.rs\/wp-content\/uploads\/2024\/12\/11-12-24-300x300.jpg 300w, https:\/\/www.bioskoplkc.rs\/wp-content\/uploads\/2024\/12\/11-12-24-150x150.jpg 150w, https:\/\/www.bioskoplkc.rs\/wp-content\/uploads\/2024\/12\/11-12-24-768x768.jpg 768w, https:\/\/www.bioskoplkc.rs\/wp-content\/uploads\/2024\/12\/11-12-24-12x12.jpg 12w, https:\/\/www.bioskoplkc.rs\/wp-content\/uploads\/2024\/12\/11-12-24.jpg 1080w\" sizes=\"auto, (max-width: 1024px) 100vw, 1024px\" \/><\/a><\/figure>\n\n\n\n<p class=\"has-white-color has-text-color has-link-color wp-elements-7e4ac651328708ea719ac0894fa30934\">.<\/p>\n\n\n\n<p class=\"has-medium-font-size\"><strong><u>\u010cetvrtak, 12.12.2024. od 19 sati<\/u><\/strong><\/p>\n\n\n\n<p class=\"has-medium-font-size\"><strong>Omen, r. <\/strong>Baloji, DR Kongo, Belgija, Holandija, 2023. 90 minuta<\/p>\n\n\n\n<p class=\"has-medium-font-size\">Sinopsis: Nakon \u0161to se Koffi vratio u svoj rodni kraj nakon \u0161to ga je porodica izop\u0161tila, &#8216;Omen&#8217; istra\u017euje te\u017einu verovanja na ne\u010diju sudbinu kroz \u010detiri lika optu\u017eena da su ve\u0161tice i \u010darobnjaci, svi me\u0111usobno povezani i vode\u0107i jedni druge kroz fantazmagoriju Afrike.<\/p>\n\n\n\n<p class=\"has-white-color has-text-color has-link-color wp-elements-7e4ac651328708ea719ac0894fa30934\">.<\/p>\n\n\n\n<figure class=\"wp-block-image size-large\"><a href=\"https:\/\/www.youtube.com\/watch?v=RTrSnQ3KuYo\" target=\"_blank\" rel=\" noreferrer noopener\"><img loading=\"lazy\" decoding=\"async\" width=\"1024\" height=\"1024\" src=\"https:\/\/www.bioskoplkc.rs\/wp-content\/uploads\/2024\/12\/12-12-24-1024x1024.jpg\" alt=\"\" class=\"wp-image-2935\" srcset=\"https:\/\/www.bioskoplkc.rs\/wp-content\/uploads\/2024\/12\/12-12-24-1024x1024.jpg 1024w, https:\/\/www.bioskoplkc.rs\/wp-content\/uploads\/2024\/12\/12-12-24-300x300.jpg 300w, https:\/\/www.bioskoplkc.rs\/wp-content\/uploads\/2024\/12\/12-12-24-150x150.jpg 150w, https:\/\/www.bioskoplkc.rs\/wp-content\/uploads\/2024\/12\/12-12-24-768x768.jpg 768w, https:\/\/www.bioskoplkc.rs\/wp-content\/uploads\/2024\/12\/12-12-24-12x12.jpg 12w, https:\/\/www.bioskoplkc.rs\/wp-content\/uploads\/2024\/12\/12-12-24.jpg 1080w\" sizes=\"auto, (max-width: 1024px) 100vw, 1024px\" \/><\/a><\/figure>\n\n\n\n<p class=\"has-white-color has-text-color has-link-color wp-elements-7e4ac651328708ea719ac0894fa30934\">.<\/p>\n\n\n\n<p class=\"has-medium-font-size\"><strong><u>Petak, 13.12.2024. od 19 sati<\/u><\/strong><\/p>\n\n\n\n<p class=\"has-medium-font-size\"><strong>Dodo<\/strong>, r. Panos, H. \u041autras, Gr\u010dka, 2022, 132 min<\/p>\n\n\n\n<p class=\"has-medium-font-size\">Sinopsis: Dodo, ptica koja je nestala pre 300 godina, pojavljuje se u Atini, u luksuznoj rezidenciji porodice na ivici propasti za koju je odbrojavanje po\u010delo: 38 presudnih i spasonosnih sati koji ih dele od ven\u010danja njihove \u0107erke sa bogatim naslednikom. Granice izme\u0111u razuma i ludila bi\u0107e testirane, a situacija \u0107e uskoro izma\u0107i kontroli.<\/p>\n\n\n\n<p class=\"has-white-color has-text-color has-link-color wp-elements-7e4ac651328708ea719ac0894fa30934\">.<\/p>\n\n\n\n<figure class=\"wp-block-image size-large\"><a href=\"https:\/\/www.youtube.com\/watch?v=e23HbXfYSG8\" target=\"_blank\" rel=\" noreferrer noopener\"><img loading=\"lazy\" decoding=\"async\" width=\"1024\" height=\"1024\" src=\"https:\/\/www.bioskoplkc.rs\/wp-content\/uploads\/2024\/12\/13-12-24-1024x1024.jpg\" alt=\"\" class=\"wp-image-2936\" srcset=\"https:\/\/www.bioskoplkc.rs\/wp-content\/uploads\/2024\/12\/13-12-24-1024x1024.jpg 1024w, https:\/\/www.bioskoplkc.rs\/wp-content\/uploads\/2024\/12\/13-12-24-300x300.jpg 300w, https:\/\/www.bioskoplkc.rs\/wp-content\/uploads\/2024\/12\/13-12-24-150x150.jpg 150w, https:\/\/www.bioskoplkc.rs\/wp-content\/uploads\/2024\/12\/13-12-24-768x768.jpg 768w, https:\/\/www.bioskoplkc.rs\/wp-content\/uploads\/2024\/12\/13-12-24-12x12.jpg 12w, https:\/\/www.bioskoplkc.rs\/wp-content\/uploads\/2024\/12\/13-12-24.jpg 1080w\" sizes=\"auto, (max-width: 1024px) 100vw, 1024px\" \/><\/a><\/figure>\n\n\n\n<p class=\"has-white-color has-text-color has-link-color wp-elements-7e4ac651328708ea719ac0894fa30934\">.<\/p>\n\n\n\n<p class=\"has-medium-font-size\"><strong><u>Subota, 14.12.2024. od 19 sati<\/u><\/strong><\/p>\n\n\n\n<p class=\"has-medium-font-size\"><strong>Banel &amp; Adama<\/strong>, r. Ramata-Tule Si, Senegal, Francuska, Mali, 2023, 87 min<\/p>\n\n\n\n<p class=\"has-medium-font-size\">Sinopsis: Malo i udaljeno selo na severu Senegala danas. Banel i Adama su strastveno zaljubljeni. \u017dele\u0107i dom za sebe, odlu\u010dili su da \u017eive odvojeno od svojih porodica i da Adama ne\u0107e prihvatiti svoju krvnu du\u017enost budu\u0107eg poglavice. Ali kada Adama obavesti seoski savet o svojim namerama, cela zajednica je uznemirena. Ki\u0161a koja je trebalo da do\u0111e ne dolazi i ljubavnici sa ukr\u0161tenim sudbinama u\u010de da na mestu gde \u017eive nema mesta za strasti, a kamoli za haos.<\/p>\n\n\n\n<p class=\"has-white-color has-text-color has-link-color wp-elements-7e4ac651328708ea719ac0894fa30934\">.<\/p>\n\n\n\n<figure class=\"wp-block-image size-large\"><a href=\"https:\/\/www.youtube.com\/watch?v=e1HKkLg26YI\" target=\"_blank\" rel=\" noreferrer noopener\"><img loading=\"lazy\" decoding=\"async\" width=\"1024\" height=\"1024\" src=\"https:\/\/www.bioskoplkc.rs\/wp-content\/uploads\/2024\/12\/14-12-24-1024x1024.jpg\" alt=\"\" class=\"wp-image-2937\" srcset=\"https:\/\/www.bioskoplkc.rs\/wp-content\/uploads\/2024\/12\/14-12-24-1024x1024.jpg 1024w, https:\/\/www.bioskoplkc.rs\/wp-content\/uploads\/2024\/12\/14-12-24-300x300.jpg 300w, https:\/\/www.bioskoplkc.rs\/wp-content\/uploads\/2024\/12\/14-12-24-150x150.jpg 150w, https:\/\/www.bioskoplkc.rs\/wp-content\/uploads\/2024\/12\/14-12-24-768x768.jpg 768w, https:\/\/www.bioskoplkc.rs\/wp-content\/uploads\/2024\/12\/14-12-24-12x12.jpg 12w, https:\/\/www.bioskoplkc.rs\/wp-content\/uploads\/2024\/12\/14-12-24.jpg 1080w\" sizes=\"auto, (max-width: 1024px) 100vw, 1024px\" \/><\/a><\/figure>\n\n\n\n<p class=\"has-white-color has-text-color has-link-color wp-elements-7e4ac651328708ea719ac0894fa30934\">.<\/p>\n\n\n\n<p class=\"has-medium-font-size\"><strong><u>Nedelja, 15.12.2024. od 19 sati<\/u><\/strong><\/p>\n\n\n\n<p class=\"has-medium-font-size\"><strong>Lola<\/strong>, r. Loran Mi\u0161eli, Belgija, Francuska, 2019, 90 min<\/p>\n\n\n\n<p class=\"has-medium-font-size\">Sinopsis: Engleska, 1941. godine, sestre Tomasina i Marta stvorile su ma\u0161inu koja mo\u017ee da presre\u0107e prenose iz budu\u0107nosti. Ovaj \u010dudesan ure\u0111aj im omogu\u0107ava da istra\u017ee svoj unutra\u0161nji punk, \u010ditavu generaciju pre nego \u0161to taj pokret nastane. Ali, kako se Drugi svetski rat intenzivira, sestre odlu\u010duju da iskoriste ma\u0161inu kao obave\u0161tajno oru\u017eje, sa posledicama koje \u0107e promeniti svet.<\/p>\n\n\n\n<p class=\"has-white-color has-text-color has-link-color wp-elements-7e4ac651328708ea719ac0894fa30934\">.<\/p>\n\n\n\n<figure class=\"wp-block-image size-large\"><a href=\"https:\/\/www.youtube.com\/watch?v=EhjIyZpczh0\" target=\"_blank\" rel=\" noreferrer noopener\"><img loading=\"lazy\" decoding=\"async\" width=\"1024\" height=\"1024\" src=\"https:\/\/www.bioskoplkc.rs\/wp-content\/uploads\/2024\/12\/15-11-24-1024x1024.jpg\" alt=\"\" class=\"wp-image-2938\" srcset=\"https:\/\/www.bioskoplkc.rs\/wp-content\/uploads\/2024\/12\/15-11-24-1024x1024.jpg 1024w, https:\/\/www.bioskoplkc.rs\/wp-content\/uploads\/2024\/12\/15-11-24-300x300.jpg 300w, https:\/\/www.bioskoplkc.rs\/wp-content\/uploads\/2024\/12\/15-11-24-150x150.jpg 150w, https:\/\/www.bioskoplkc.rs\/wp-content\/uploads\/2024\/12\/15-11-24-768x768.jpg 768w, https:\/\/www.bioskoplkc.rs\/wp-content\/uploads\/2024\/12\/15-11-24-12x12.jpg 12w, https:\/\/www.bioskoplkc.rs\/wp-content\/uploads\/2024\/12\/15-11-24.jpg 1080w\" sizes=\"auto, (max-width: 1024px) 100vw, 1024px\" \/><\/a><\/figure>\n\n\n\n<p class=\"has-white-color has-text-color has-link-color wp-elements-c645e628e62f8fbab9d9726851472d16\"><\/p>","protected":false},"excerpt":{"rendered":"<p>Festival evropskog filma u Leskovcu Evropska ku\u0107a Ni\u0161 i Leskova\u010dki kulturni centar vas pozivaju na Festival evropskog filma 2024. koji \u0107e se od 11. do 15. decembra odr\u017eati u Leskova\u010dkom kulturnom centru (Sala DKC). Ljubitelji filma u Leskovcu bi\u0107e u prilici da pogledaju izbor kinematografskih dela koja su nastala u koprodukciji evropskih zemalja kao i [&hellip;]<\/p>","protected":false},"author":2,"featured_media":2933,"parent":0,"menu_order":0,"comment_status":"closed","ping_status":"closed","template":"","meta":{"footnotes":""},"class_list":["post-2932","page","type-page","status-publish","has-post-thumbnail","h-entry","hentry","h-as-page"],"_links":{"self":[{"href":"https:\/\/www.bioskoplkc.rs\/en\/wp-json\/wp\/v2\/pages\/2932","targetHints":{"allow":["GET"]}}],"collection":[{"href":"https:\/\/www.bioskoplkc.rs\/en\/wp-json\/wp\/v2\/pages"}],"about":[{"href":"https:\/\/www.bioskoplkc.rs\/en\/wp-json\/wp\/v2\/types\/page"}],"author":[{"embeddable":true,"href":"https:\/\/www.bioskoplkc.rs\/en\/wp-json\/wp\/v2\/users\/2"}],"replies":[{"embeddable":true,"href":"https:\/\/www.bioskoplkc.rs\/en\/wp-json\/wp\/v2\/comments?post=2932"}],"version-history":[{"count":11,"href":"https:\/\/www.bioskoplkc.rs\/en\/wp-json\/wp\/v2\/pages\/2932\/revisions"}],"predecessor-version":[{"id":2989,"href":"https:\/\/www.bioskoplkc.rs\/en\/wp-json\/wp\/v2\/pages\/2932\/revisions\/2989"}],"wp:featuredmedia":[{"embeddable":true,"href":"https:\/\/www.bioskoplkc.rs\/en\/wp-json\/wp\/v2\/media\/2933"}],"wp:attachment":[{"href":"https:\/\/www.bioskoplkc.rs\/en\/wp-json\/wp\/v2\/media?parent=2932"}],"curies":[{"name":"wp","href":"https:\/\/api.w.org\/{rel}","templated":true}]}}